{"id":92,"date":"2017-11-07T20:02:34","date_gmt":"2017-11-07T20:02:34","guid":{"rendered":"http:\/\/grundschule-geisa.de\/?page_id=92"},"modified":"2026-05-04T04:42:20","modified_gmt":"2026-05-04T04:42:20","slug":"essensversorgung","status":"publish","type":"page","link":"https:\/\/www.grundschule-geisa.de\/?page_id=92","title":{"rendered":"Essensversorgung"},"content":{"rendered":"\n<p>Ab dem neuen Schuljahr 2025\/2026 haben wir die Agrargenossenschaft \u201eRh\u00f6nperle\u201c e.G. Bremen als neuen Essenanbieter aus der Region gewinnen k\u00f6nnen.&nbsp;<\/p>\n\n\n\n<p>Der Preis pro Essenportion betr\u00e4gt 4,60 EUR&nbsp;<strong><u>(Elternanteil: 4,10 EUR).<\/u><\/strong><\/p>\n\n\n\n<p><\/p>\n\n\n\n<p>Hier k\u00f6nnen Sie den Speiseplan f\u00fcr die kommende Schulwoche einsehen:<\/p>\n\n\n\n<p><a href=\"https:\/\/www.grundschule-geisa.de\/wp-content\/uploads\/2026\/05\/Speiseplan-19.KW_.26-Ki_.pdf\">Speiseplan KW 19<\/a><\/p>\n\n\n\n<p><a href=\"https:\/\/www.grundschule-geisa.de\/wp-content\/uploads\/2026\/05\/Speiseplan-20.KW_.26-Ki_.pdf\">Speiseplan KW 20<\/a><\/p>\n\n\n\n<p><\/p>\n\n\n\n<p>Unter dem nachfolgenden Link finden Sie die Formulare zur Essenanmeldung: <a href=\"https:\/\/www.grundschule-geisa.de\/wp-content\/uploads\/2025\/10\/Formulare-zur-Essenanmeldung20251001_09313849-22.pdf\">Formulare Essenanmeldung<\/a><\/p>\n\n\n\n<p><\/p>\n\n\n\n<p>F\u00fcr Fragen wenden Sie sich bitte direkt an den Essenanbieter:<\/p>\n\n\n\n<p><strong>Agrargenossenschaft &#8222;Rh\u00f6nperle&#8220; eG Bremen<\/strong><br>Kranluckener Stra\u00dfe 18<br>36419 Geisa OT Bremen<\/p>\n\n\n\n<p>Telefon: 036966\/80068<\/p>\n\n\n\n<p>kueche@agar-rhoenperle.de<\/p>\n","protected":false},"excerpt":{"rendered":"<p>Ab dem neuen Schuljahr 2025\/2026 haben wir die Agrargenossenschaft \u201eRh\u00f6nperle\u201c e.G. Bremen als neuen Essenanbieter aus der Region gewinnen k\u00f6nnen.&nbsp; Der Preis pro Essenportion betr\u00e4gt 4,60 EUR&nbsp;(Elternanteil: 4,10 EUR). Hier k\u00f6nnen Sie den Speiseplan f\u00fcr die kommende Schulwoche einsehen: Speiseplan KW 19 Speiseplan KW 20 Unter dem nachfolgenden Link finden Sie die Formulare zur Essenanmeldung: [&hellip;]<\/p>\n","protected":false},"author":7,"featured_media":0,"parent":0,"menu_order":0,"comment_status":"closed","ping_status":"closed","template":"","meta":{"footnotes":""},"_links":{"self":[{"href":"https:\/\/www.grundschule-geisa.de\/index.php?rest_route=\/wp\/v2\/pages\/92"}],"collection":[{"href":"https:\/\/www.grundschule-geisa.de\/index.php?rest_route=\/wp\/v2\/pages"}],"about":[{"href":"https:\/\/www.grundschule-geisa.de\/index.php?rest_route=\/wp\/v2\/types\/page"}],"author":[{"embeddable":true,"href":"https:\/\/www.grundschule-geisa.de\/index.php?rest_route=\/wp\/v2\/users\/7"}],"replies":[{"embeddable":true,"href":"https:\/\/www.grundschule-geisa.de\/index.php?rest_route=%2Fwp%2Fv2%2Fcomments&post=92"}],"version-history":[{"count":121,"href":"https:\/\/www.grundschule-geisa.de\/index.php?rest_route=\/wp\/v2\/pages\/92\/revisions"}],"predecessor-version":[{"id":2910,"href":"https:\/\/www.grundschule-geisa.de\/index.php?rest_route=\/wp\/v2\/pages\/92\/revisions\/2910"}],"wp:attachment":[{"href":"https:\/\/www.grundschule-geisa.de\/index.php?rest_route=%2Fwp%2Fv2%2Fmedia&parent=92"}],"curies":[{"name":"wp","href":"https:\/\/api.w.org\/{rel}","templated":true}]}}