{"id":62,"date":"2017-11-07T19:57:27","date_gmt":"2017-11-07T19:57:27","guid":{"rendered":"http:\/\/grundschule-geisa.de\/?page_id=62"},"modified":"2022-09-22T18:18:16","modified_gmt":"2022-09-22T18:18:16","slug":"dokumente-links","status":"publish","type":"page","link":"https:\/\/www.grundschule-geisa.de\/?page_id=62","title":{"rendered":"Dokumente &#038; Links"},"content":{"rendered":"\n<h2 class=\"wp-block-heading\">Downloads <\/h2>\n\n\n\n<p><\/p>\n\n\n\n<ul><li><a rel=\"noreferrer noopener\" href=\"https:\/\/www.grundschule-geisa.de\/wp-content\/uploads\/2020\/05\/Entschuldigung.pdf\" target=\"_blank\">Entschuldigungsschreiben<\/a><\/li><li><a rel=\"noreferrer noopener\" href=\"https:\/\/www.grundschule-geisa.de\/wp-content\/uploads\/2022\/01\/Antrag-auf-Beurlaubung-vom-Unterricht.pdf\" target=\"_blank\">Antrag auf Beurlaubung von Sch\u00fclern<\/a><\/li><\/ul>\n\n\n\n<p><img decoding=\"async\" class=\"wp-image-735\" style=\"width: NaNpx;\" alt=\"\" src=\"https:\/\/www.grundschule-geisa.de\/wp-content\/uploads\/2020\/05\/Entschuldigung.docx\"><\/p>\n\n\n\n<h2 class=\"wp-block-heading\">Informationen f\u00fcr Eltern<\/h2>\n\n\n\n<ul><li><a href=\"https:\/\/bildung.thueringen.de\/fileadmin\/ministerium\/publikationen\/schullaufbahnen_in_thueringen.pdf\" target=\"_blank\" rel=\"noreferrer noopener\">Hinweise zum \u00dcbertritt auf die weiterf\u00fchrende Schule<\/a><\/li><\/ul>\n\n\n\n<h2 class=\"wp-block-heading\">Suchmaschinen f\u00fcr Kinder<\/h2>\n\n\n\n<div class=\"wp-block-media-text alignwide is-stacked-on-mobile\" style=\"grid-template-columns:38% auto\"><figure class=\"wp-block-media-text__media\"><img loading=\"lazy\" decoding=\"async\" width=\"1024\" height=\"910\" src=\"https:\/\/www.grundschule-geisa.de\/wp-content\/uploads\/2020\/05\/blindekuh-logo_0-1024x910.png\" alt=\"\" class=\"wp-image-625 size-full\" srcset=\"https:\/\/www.grundschule-geisa.de\/wp-content\/uploads\/2020\/05\/blindekuh-logo_0-1024x910.png 1024w, https:\/\/www.grundschule-geisa.de\/wp-content\/uploads\/2020\/05\/blindekuh-logo_0-300x267.png 300w, https:\/\/www.grundschule-geisa.de\/wp-content\/uploads\/2020\/05\/blindekuh-logo_0-768x683.png 768w, https:\/\/www.grundschule-geisa.de\/wp-content\/uploads\/2020\/05\/blindekuh-logo_0.png 1125w\" sizes=\"(max-width: 1024px) 100vw, 1024px\" \/><\/figure><div class=\"wp-block-media-text__content\">\n<p style=\"font-size:29px\"><a href=\"https:\/\/www.blinde-kuh.de\/index.html\" target=\"_blank\" rel=\"noreferrer noopener\">www.blinde-kuh.de<\/a><\/p>\n<\/div><\/div>\n\n\n\n<div class=\"wp-block-media-text alignwide is-stacked-on-mobile\" style=\"grid-template-columns:34% auto\"><figure class=\"wp-block-media-text__media\"><img loading=\"lazy\" decoding=\"async\" width=\"799\" height=\"1024\" src=\"https:\/\/www.grundschule-geisa.de\/wp-content\/uploads\/2020\/05\/Schrift_und_Bildmarke-799x1024.png\" alt=\"\" class=\"wp-image-626 size-full\" srcset=\"https:\/\/www.grundschule-geisa.de\/wp-content\/uploads\/2020\/05\/Schrift_und_Bildmarke-799x1024.png 799w, https:\/\/www.grundschule-geisa.de\/wp-content\/uploads\/2020\/05\/Schrift_und_Bildmarke-234x300.png 234w, https:\/\/www.grundschule-geisa.de\/wp-content\/uploads\/2020\/05\/Schrift_und_Bildmarke-768x985.png 768w, https:\/\/www.grundschule-geisa.de\/wp-content\/uploads\/2020\/05\/Schrift_und_Bildmarke-1198x1536.png 1198w, https:\/\/www.grundschule-geisa.de\/wp-content\/uploads\/2020\/05\/Schrift_und_Bildmarke-1598x2048.png 1598w\" sizes=\"(max-width: 799px) 100vw, 799px\" \/><\/figure><div class=\"wp-block-media-text__content\">\n<p style=\"font-size:29px\">    <a href=\"https:\/\/www.blinde-kuh.de\/index.html\" target=\"_blank\" rel=\"noreferrer noopener\">www.fragfinn.de<\/a><\/p>\n<\/div><\/div>\n\n\n\n<p><\/p>\n","protected":false},"excerpt":{"rendered":"<p>Downloads Entschuldigungsschreiben Antrag auf Beurlaubung von Sch\u00fclern Informationen f\u00fcr Eltern Hinweise zum \u00dcbertritt auf die weiterf\u00fchrende Schule Suchmaschinen f\u00fcr Kinder www.blinde-kuh.de www.fragfinn.de<\/p>\n","protected":false},"author":7,"featured_media":0,"parent":0,"menu_order":0,"comment_status":"closed","ping_status":"closed","template":"","meta":{"footnotes":""},"_links":{"self":[{"href":"https:\/\/www.grundschule-geisa.de\/index.php?rest_route=\/wp\/v2\/pages\/62"}],"collection":[{"href":"https:\/\/www.grundschule-geisa.de\/index.php?rest_route=\/wp\/v2\/pages"}],"about":[{"href":"https:\/\/www.grundschule-geisa.de\/index.php?rest_route=\/wp\/v2\/types\/page"}],"author":[{"embeddable":true,"href":"https:\/\/www.grundschule-geisa.de\/index.php?rest_route=\/wp\/v2\/users\/7"}],"replies":[{"embeddable":true,"href":"https:\/\/www.grundschule-geisa.de\/index.php?rest_route=%2Fwp%2Fv2%2Fcomments&post=62"}],"version-history":[{"count":13,"href":"https:\/\/www.grundschule-geisa.de\/index.php?rest_route=\/wp\/v2\/pages\/62\/revisions"}],"predecessor-version":[{"id":1380,"href":"https:\/\/www.grundschule-geisa.de\/index.php?rest_route=\/wp\/v2\/pages\/62\/revisions\/1380"}],"wp:attachment":[{"href":"https:\/\/www.grundschule-geisa.de\/index.php?rest_route=%2Fwp%2Fv2%2Fmedia&parent=62"}],"curies":[{"name":"wp","href":"https:\/\/api.w.org\/{rel}","templated":true}]}}