{"id":60,"date":"2017-11-07T19:57:27","date_gmt":"2017-11-07T19:57:27","guid":{"rendered":"http:\/\/grundschule-geisa.de\/?page_id=60"},"modified":"2017-11-13T04:57:56","modified_gmt":"2017-11-13T04:57:56","slug":"partner","status":"publish","type":"page","link":"https:\/\/www.grundschule-geisa.de\/?page_id=60","title":{"rendered":"Partner"},"content":{"rendered":"<p>&nbsp;<\/p>\n<table class=\"tispo_cn_headBodyTable\">\n<tbody>\n<tr>\n<td class=\"tispo_cn_head\"><strong>Volks-und Raiffeisenbank Geisa (Ausbildungsschule)<\/strong><\/td>\n<\/tr>\n<tr>\n<td class=\"tispo_cn_body\">\n<table>\n<tbody>\n<tr>\n<td class=\"tispo_cn_label\">Schwerpunkt:<\/td>\n<td class=\"tispo_cn_value\">Malwettbewerb<\/td>\n<\/tr>\n<tr>\n<td class=\"tispo_cn_label\">Partner seit:<\/td>\n<td class=\"tispo_cn_value\">1992<\/td>\n<\/tr>\n<tr>\n<td class=\"tispo_cn_label\">Adresse:<\/td>\n<td class=\"tispo_cn_value\">Marktplatz, 36419 Geisa<\/td>\n<\/tr>\n<\/tbody>\n<\/table>\n<\/td>\n<\/tr>\n<tr>\n<td class=\"tispo_cn_head\"><strong>Wartburg-Sparkasse Geisa (Ausbildungsschule)<\/strong><\/td>\n<\/tr>\n<tr>\n<td class=\"tispo_cn_body\">\n<table>\n<tbody>\n<tr>\n<td class=\"tispo_cn_label\">Schwerpunkt:<\/td>\n<td class=\"tispo_cn_value\">Schwerpunkt: Bleistiftprogramm f\u00fcr die Schulanf\u00e4nger<\/td>\n<\/tr>\n<tr>\n<td class=\"tispo_cn_label\">Partner seit:<\/td>\n<td class=\"tispo_cn_value\">1992<\/td>\n<\/tr>\n<tr>\n<td class=\"tispo_cn_label\">Adresse:<\/td>\n<td class=\"tispo_cn_value\">Marktplatz, 36419 Geisa<\/td>\n<\/tr>\n<\/tbody>\n<\/table>\n<\/td>\n<\/tr>\n<tr>\n<td class=\"tispo_cn_head\"><strong>Gewerbeverein (Schule im Verbund)<\/strong><\/td>\n<\/tr>\n<tr>\n<td class=\"tispo_cn_body\">\n<table>\n<tbody>\n<tr>\n<td class=\"tispo_cn_label\">Schwerpunkt:<\/td>\n<td class=\"tispo_cn_value\">Unterst\u00fctzung bei Projekten<\/td>\n<\/tr>\n<tr>\n<td class=\"tispo_cn_label\">Partner seit:<\/td>\n<td class=\"tispo_cn_value\">1992<\/td>\n<\/tr>\n<tr>\n<td class=\"tispo_cn_label\">Adresse:<\/td>\n<td class=\"tispo_cn_value\">36419 Geisa<\/td>\n<\/tr>\n<\/tbody>\n<\/table>\n<\/td>\n<\/tr>\n<tr>\n<td class=\"tispo_cn_head\"><strong>Karnevalsverein (Schule im Verbund)<\/strong><\/td>\n<\/tr>\n<tr>\n<td class=\"tispo_cn_body\">\n<table>\n<tbody>\n<tr>\n<td class=\"tispo_cn_label\">Schwerpunkt:<\/td>\n<td class=\"tispo_cn_value\">Zusammenarbeit und Mitgestaltung des Schulfaschings<\/td>\n<\/tr>\n<tr>\n<td class=\"tispo_cn_label\">Partner seit:<\/td>\n<td class=\"tispo_cn_value\">1992<\/td>\n<\/tr>\n<tr>\n<td class=\"tispo_cn_label\">Adresse:<\/td>\n<td class=\"tispo_cn_value\">36419 Geisa<\/td>\n<\/tr>\n<\/tbody>\n<\/table>\n<\/td>\n<\/tr>\n<tr>\n<td class=\"tispo_cn_head\"><strong>Sportverein Geisa (Schule im Verbund)<\/strong><\/td>\n<\/tr>\n<tr>\n<td class=\"tispo_cn_body\">\n<table>\n<tbody>\n<tr>\n<td class=\"tispo_cn_label\">Schwerpunkt:<\/td>\n<td class=\"tispo_cn_value\">Arbeitsgemeinschaften: Fu\u00dfball, Volleyball, Karate, Kickboxen<\/td>\n<\/tr>\n<tr>\n<td class=\"tispo_cn_label\">Partner seit:<\/td>\n<td class=\"tispo_cn_value\">1992<\/td>\n<\/tr>\n<tr>\n<td class=\"tispo_cn_label\">Adresse:<\/td>\n<td class=\"tispo_cn_value\">36419 Geisa<\/td>\n<\/tr>\n<\/tbody>\n<\/table>\n<\/td>\n<\/tr>\n<\/tbody>\n<\/table>\n<p>(Quelle: Schulportal Th\u00fcringen. Stand: 13.11.2017.\u00a0<a href=\"https:\/\/www.schulportal-thueringen.de\/schools\/cooperation?tspi=488\">https:\/\/www.schulportal-thueringen.de\/schools\/cooperation?tspi=488<\/a>.)<\/p>\n<p><strong>Regelschule Geisa<\/strong><\/p>\n<p>&nbsp;<\/p>\n<p><strong>Gymnasium Vacha<\/strong><\/p>\n<p>&nbsp;<\/p>\n","protected":false},"excerpt":{"rendered":"<p>&nbsp; Volks-und Raiffeisenbank Geisa (Ausbildungsschule) Schwerpunkt: Malwettbewerb Partner seit: 1992 Adresse: Marktplatz, 36419 Geisa Wartburg-Sparkasse Geisa (Ausbildungsschule) Schwerpunkt: Schwerpunkt: Bleistiftprogramm f\u00fcr die Schulanf\u00e4nger Partner seit: 1992 Adresse: Marktplatz, 36419 Geisa Gewerbeverein (Schule im Verbund) Schwerpunkt: Unterst\u00fctzung bei Projekten Partner seit: 1992 Adresse: 36419 Geisa Karnevalsverein (Schule im Verbund) Schwerpunkt: Zusammenarbeit und Mitgestaltung des Schulfaschings Partner [&hellip;]<\/p>\n","protected":false},"author":7,"featured_media":0,"parent":0,"menu_order":0,"comment_status":"closed","ping_status":"closed","template":"","meta":{"footnotes":""},"_links":{"self":[{"href":"https:\/\/www.grundschule-geisa.de\/index.php?rest_route=\/wp\/v2\/pages\/60"}],"collection":[{"href":"https:\/\/www.grundschule-geisa.de\/index.php?rest_route=\/wp\/v2\/pages"}],"about":[{"href":"https:\/\/www.grundschule-geisa.de\/index.php?rest_route=\/wp\/v2\/types\/page"}],"author":[{"embeddable":true,"href":"https:\/\/www.grundschule-geisa.de\/index.php?rest_route=\/wp\/v2\/users\/7"}],"replies":[{"embeddable":true,"href":"https:\/\/www.grundschule-geisa.de\/index.php?rest_route=%2Fwp%2Fv2%2Fcomments&post=60"}],"version-history":[{"count":4,"href":"https:\/\/www.grundschule-geisa.de\/index.php?rest_route=\/wp\/v2\/pages\/60\/revisions"}],"predecessor-version":[{"id":183,"href":"https:\/\/www.grundschule-geisa.de\/index.php?rest_route=\/wp\/v2\/pages\/60\/revisions\/183"}],"wp:attachment":[{"href":"https:\/\/www.grundschule-geisa.de\/index.php?rest_route=%2Fwp%2Fv2%2Fmedia&parent=60"}],"curies":[{"name":"wp","href":"https:\/\/api.w.org\/{rel}","templated":true}]}}