{"id":589,"date":"2020-05-04T16:34:30","date_gmt":"2020-05-04T16:34:30","guid":{"rendered":"http:\/\/www.grundschule-geisa.de\/?page_id=589"},"modified":"2020-05-04T16:34:30","modified_gmt":"2020-05-04T16:34:30","slug":"krankheit","status":"publish","type":"page","link":"https:\/\/www.grundschule-geisa.de\/?page_id=589","title":{"rendered":"Krankheit"},"content":{"rendered":"\n<p>Im Krankheitsfall Ihres Kindes entschuldigen Sie es\nbitte am gleichen Tag ab 07:30 Uhr in der Schule telefonisch. Eine schriftliche\nEntschuldigung reichen Sie bitte nach.<\/p>\n\n\n\n<ul><li>\u00a7\n5 der Th\u00fcringer Schulordnung<\/li><\/ul>\n\n\n\n<p><strong>Verhinderung<\/strong><\/p>\n\n\n\n<ul><li>Ist\nein Sch\u00fcler aus zwingenden Gr\u00fcnden verhindert, am Unterricht oder an einer\nsonstigen verbindlichen Schulveranstaltung teilzunehmen, so ist die Schule\nunverz\u00fcglich von den Eltern unter Angabe des Grundes zu verst\u00e4ndigen.<\/li><\/ul>\n\n\n\n<ul><li>Bei\nErkrankung an mehr als drei aufeinanderfolgenden Unterrichtstagen ist bei\nWiederbesuch der Schule eine Mitteilung der Eltern \u00fcber die Dauer der Krankheit\nvorzulegen. Dauert die Erkrankung mehr als zehn Unterrichtstage, so kann die\nSchule die Vorlage eines \u00e4rztlichen Zeugnisses verlangen.<\/li><\/ul>\n\n\n\n<p>H\u00e4ufen sich krankheitsbedingte Schulvers\u00e4umnisse\noder bestehen an der Erkrankung Zweifel, so kann die Schule die Vorlage eines\n\u00e4rztlichen oder schul\u00e4rztlichen Zeugnisses verlangen. <\/p>\n\n\n\n<p>Gleiches gilt f\u00fcr die Entschuldigungen vom\nSportunterricht Ihrerseits, falls diese sich h\u00e4ufen.<\/p>\n","protected":false},"excerpt":{"rendered":"<p>Im Krankheitsfall Ihres Kindes entschuldigen Sie es bitte am gleichen Tag ab 07:30 Uhr in der Schule telefonisch. Eine schriftliche Entschuldigung reichen Sie bitte nach. \u00a7 5 der Th\u00fcringer Schulordnung Verhinderung Ist ein Sch\u00fcler aus zwingenden Gr\u00fcnden verhindert, am Unterricht oder an einer sonstigen verbindlichen Schulveranstaltung teilzunehmen, so ist die Schule unverz\u00fcglich von den Eltern [&hellip;]<\/p>\n","protected":false},"author":7,"featured_media":0,"parent":0,"menu_order":0,"comment_status":"closed","ping_status":"closed","template":"","meta":{"footnotes":""},"_links":{"self":[{"href":"https:\/\/www.grundschule-geisa.de\/index.php?rest_route=\/wp\/v2\/pages\/589"}],"collection":[{"href":"https:\/\/www.grundschule-geisa.de\/index.php?rest_route=\/wp\/v2\/pages"}],"about":[{"href":"https:\/\/www.grundschule-geisa.de\/index.php?rest_route=\/wp\/v2\/types\/page"}],"author":[{"embeddable":true,"href":"https:\/\/www.grundschule-geisa.de\/index.php?rest_route=\/wp\/v2\/users\/7"}],"replies":[{"embeddable":true,"href":"https:\/\/www.grundschule-geisa.de\/index.php?rest_route=%2Fwp%2Fv2%2Fcomments&post=589"}],"version-history":[{"count":1,"href":"https:\/\/www.grundschule-geisa.de\/index.php?rest_route=\/wp\/v2\/pages\/589\/revisions"}],"predecessor-version":[{"id":590,"href":"https:\/\/www.grundschule-geisa.de\/index.php?rest_route=\/wp\/v2\/pages\/589\/revisions\/590"}],"wp:attachment":[{"href":"https:\/\/www.grundschule-geisa.de\/index.php?rest_route=%2Fwp%2Fv2%2Fmedia&parent=589"}],"curies":[{"name":"wp","href":"https:\/\/api.w.org\/{rel}","templated":true}]}}