{"id":502,"date":"2019-03-06T15:36:39","date_gmt":"2019-03-06T15:36:39","guid":{"rendered":"http:\/\/grundschule-geisa.de\/?page_id=502"},"modified":"2019-03-06T15:36:39","modified_gmt":"2019-03-06T15:36:39","slug":"freistellungen","status":"publish","type":"page","link":"https:\/\/www.grundschule-geisa.de\/?page_id=502","title":{"rendered":"Freistellungen"},"content":{"rendered":"\n<p><strong>Beurlaubungen:<\/strong><strong>&nbsp;&nbsp;&nbsp;&nbsp;&nbsp; <\/strong>\u00a7 7 Th\u00fcringer Schulordnung\nvom 20.01.1994 ( mit \u00c4nderungen vom 20.07.2011)<\/p>\n\n\n\n<ul><li>Sch\u00fcler\nk\u00f6nnen <strong>in dringenden Ausnahmef\u00e4llen auf schriftlichen Antrag der Eltern<\/strong>\nbeurlaubt werden. Die aus religi\u00f6sen Gr\u00fcnden erforderliche Beurlaubung ist zu\ngew\u00e4hren.<\/li><\/ul>\n\n\n\n<p>(2)&nbsp; Zust\u00e4ndig f\u00fcr die Entscheidung ist<\/p>\n\n\n\n<p style=\"text-align:left\">&nbsp;&nbsp;&nbsp;&nbsp;&nbsp;&nbsp; 1. <strong>der Klassenlehrer<\/strong> bei\nBeurlaubung <strong>bis zu 3 Unterrichtstagen<\/strong><\/p>\n\n\n\n<p>2.\n<strong>der Schulleiter<\/strong> bei Beurlaubung <strong>bis zu 15 Unterrichtstagen&nbsp; sowie unmittelbar vor und<\/strong> <strong>nach&nbsp; den Ferien<\/strong><\/p>\n\n\n\n<p>3.\nin sonstigen Ausnahmef\u00e4llen entscheidet das Schulamt. <\/p>\n\n\n\n<p>Ein\ndringender Ausnahmefall ist z.B. der Betriebsurlaub der Arbeitsst\u00e4tte des\nErziehungsberechtigten (Vorlage einer Bescheinigung des Betriebes).<\/p>\n\n\n\n<p>Bitte\nnehmen Sie in einem solchen Ausnahmefall rechtzeitig und pers\u00f6nlich Kontakt zur\nSchulleitung auf. Sie vermeiden damit unn\u00f6tige \u00c4rgernisse. Die Abgabe des\nAntrages erfolgt \u00fcber die Schulleitung und muss 6 Wochen vor Urlaubsbeginn\nvorliegen. <\/p>\n","protected":false},"excerpt":{"rendered":"<p>Beurlaubungen:&nbsp;&nbsp;&nbsp;&nbsp;&nbsp; \u00a7 7 Th\u00fcringer Schulordnung vom 20.01.1994 ( mit \u00c4nderungen vom 20.07.2011) Sch\u00fcler k\u00f6nnen in dringenden Ausnahmef\u00e4llen auf schriftlichen Antrag der Eltern beurlaubt werden. Die aus religi\u00f6sen Gr\u00fcnden erforderliche Beurlaubung ist zu gew\u00e4hren. (2)&nbsp; Zust\u00e4ndig f\u00fcr die Entscheidung ist &nbsp;&nbsp;&nbsp;&nbsp;&nbsp;&nbsp; 1. der Klassenlehrer bei Beurlaubung bis zu 3 Unterrichtstagen 2. der Schulleiter bei Beurlaubung bis [&hellip;]<\/p>\n","protected":false},"author":7,"featured_media":0,"parent":0,"menu_order":0,"comment_status":"closed","ping_status":"closed","template":"","meta":{"footnotes":""},"_links":{"self":[{"href":"https:\/\/www.grundschule-geisa.de\/index.php?rest_route=\/wp\/v2\/pages\/502"}],"collection":[{"href":"https:\/\/www.grundschule-geisa.de\/index.php?rest_route=\/wp\/v2\/pages"}],"about":[{"href":"https:\/\/www.grundschule-geisa.de\/index.php?rest_route=\/wp\/v2\/types\/page"}],"author":[{"embeddable":true,"href":"https:\/\/www.grundschule-geisa.de\/index.php?rest_route=\/wp\/v2\/users\/7"}],"replies":[{"embeddable":true,"href":"https:\/\/www.grundschule-geisa.de\/index.php?rest_route=%2Fwp%2Fv2%2Fcomments&post=502"}],"version-history":[{"count":1,"href":"https:\/\/www.grundschule-geisa.de\/index.php?rest_route=\/wp\/v2\/pages\/502\/revisions"}],"predecessor-version":[{"id":503,"href":"https:\/\/www.grundschule-geisa.de\/index.php?rest_route=\/wp\/v2\/pages\/502\/revisions\/503"}],"wp:attachment":[{"href":"https:\/\/www.grundschule-geisa.de\/index.php?rest_route=%2Fwp%2Fv2%2Fmedia&parent=502"}],"curies":[{"name":"wp","href":"https:\/\/api.w.org\/{rel}","templated":true}]}}