{"id":335,"date":"2019-02-07T16:35:19","date_gmt":"2019-02-07T16:35:19","guid":{"rendered":"http:\/\/grundschule-geisa.de\/?page_id=335"},"modified":"2026-03-14T10:52:27","modified_gmt":"2026-03-14T10:52:27","slug":"wichtiges","status":"publish","type":"page","link":"https:\/\/www.grundschule-geisa.de\/?page_id=335","title":{"rendered":"Aktuelles"},"content":{"rendered":"\n\n\n<p><strong><mark style=\"background-color:rgba(0, 0, 0, 0)\" class=\"has-inline-color has-vivid-red-color\">Schulbibliothek<\/mark><\/strong><\/p>\n\n\n\n<p>Unsere Schulbibliothek ist wieder regelm\u00e4\u00dfig ge\u00f6ffnet. Die Ansprechpartnerin ist Frau Vock.&nbsp;Kommt uns gerne besuchen! <\/p>\n\n\n\n\n\n\n\n<figure class=\"wp-block-image size-large\"><img decoding=\"async\" src=\"https:\/\/www.grundschule-geisa.de\/wp-content\/uploads\/2026\/03\/Bibliothek-Oeffnungszeiten.pdf\" alt=\"\"\/><\/figure>\n\n\n\n<p>Den <strong><mark style=\"background-color:rgba(0, 0, 0, 0)\" class=\"has-inline-color has-vivid-red-color\">aktuellen Speiseplan<\/mark><\/strong> finden Sie unter der Rubrik &#8222;Leben und Lernen&#8220; \/ &#8222;Essenversorgung&#8220;.<\/p>\n","protected":false},"excerpt":{"rendered":"<p>Schulbibliothek Unsere Schulbibliothek ist wieder regelm\u00e4\u00dfig ge\u00f6ffnet. Die Ansprechpartnerin ist Frau Vock.&nbsp;Kommt uns gerne besuchen! Den aktuellen Speiseplan finden Sie unter der Rubrik &#8222;Leben und Lernen&#8220; \/ &#8222;Essenversorgung&#8220;.<\/p>\n","protected":false},"author":6,"featured_media":0,"parent":0,"menu_order":0,"comment_status":"closed","ping_status":"closed","template":"","meta":{"footnotes":""},"_links":{"self":[{"href":"https:\/\/www.grundschule-geisa.de\/index.php?rest_route=\/wp\/v2\/pages\/335"}],"collection":[{"href":"https:\/\/www.grundschule-geisa.de\/index.php?rest_route=\/wp\/v2\/pages"}],"about":[{"href":"https:\/\/www.grundschule-geisa.de\/index.php?rest_route=\/wp\/v2\/types\/page"}],"author":[{"embeddable":true,"href":"https:\/\/www.grundschule-geisa.de\/index.php?rest_route=\/wp\/v2\/users\/6"}],"replies":[{"embeddable":true,"href":"https:\/\/www.grundschule-geisa.de\/index.php?rest_route=%2Fwp%2Fv2%2Fcomments&post=335"}],"version-history":[{"count":83,"href":"https:\/\/www.grundschule-geisa.de\/index.php?rest_route=\/wp\/v2\/pages\/335\/revisions"}],"predecessor-version":[{"id":2847,"href":"https:\/\/www.grundschule-geisa.de\/index.php?rest_route=\/wp\/v2\/pages\/335\/revisions\/2847"}],"wp:attachment":[{"href":"https:\/\/www.grundschule-geisa.de\/index.php?rest_route=%2Fwp%2Fv2%2Fmedia&parent=335"}],"curies":[{"name":"wp","href":"https:\/\/api.w.org\/{rel}","templated":true}]}}