{"id":330,"date":"2019-02-07T16:35:18","date_gmt":"2019-02-07T16:35:18","guid":{"rendered":"http:\/\/grundschule-geisa.de\/?page_id=330"},"modified":"2019-02-19T17:06:21","modified_gmt":"2019-02-19T17:06:21","slug":"hygiene","status":"publish","type":"page","link":"https:\/\/www.grundschule-geisa.de\/?page_id=330","title":{"rendered":"Hygiene"},"content":{"rendered":"\n<p>Laut\nBundesseuchengesetz \u00a7 45 d\u00fcrfen \u201e &#8230; Kinder, die an ansteckenden Krankheiten\nerkrankt oder dessen verd\u00e4chtig oder verlaust sind &#8230;\u201c die Schule nicht\nbesuchen.<\/p>\n\n\n\n<p>Sollte\nIhr Kind aus diesen Gr\u00fcnden einmal der Schule fernbleiben, ben\u00f6tigen wir beim\nWiederbesuch ein \u00e4rztliches Attest.<\/p>\n\n\n\n<p><strong>Immer h\u00e4ufiger m\u00fcssen wir leider feststellen, dass Kinder kein\nTaschentuch bei sich haben. Bitte achten Sie darauf! <\/strong><\/p>\n","protected":false},"excerpt":{"rendered":"<p>Laut Bundesseuchengesetz \u00a7 45 d\u00fcrfen \u201e &#8230; Kinder, die an ansteckenden Krankheiten erkrankt oder dessen verd\u00e4chtig oder verlaust sind &#8230;\u201c die Schule nicht besuchen. Sollte Ihr Kind aus diesen Gr\u00fcnden einmal der Schule fernbleiben, ben\u00f6tigen wir beim Wiederbesuch ein \u00e4rztliches Attest. Immer h\u00e4ufiger m\u00fcssen wir leider feststellen, dass Kinder kein Taschentuch bei sich haben. Bitte [&hellip;]<\/p>\n","protected":false},"author":6,"featured_media":0,"parent":0,"menu_order":0,"comment_status":"closed","ping_status":"closed","template":"","meta":{"footnotes":""},"_links":{"self":[{"href":"https:\/\/www.grundschule-geisa.de\/index.php?rest_route=\/wp\/v2\/pages\/330"}],"collection":[{"href":"https:\/\/www.grundschule-geisa.de\/index.php?rest_route=\/wp\/v2\/pages"}],"about":[{"href":"https:\/\/www.grundschule-geisa.de\/index.php?rest_route=\/wp\/v2\/types\/page"}],"author":[{"embeddable":true,"href":"https:\/\/www.grundschule-geisa.de\/index.php?rest_route=\/wp\/v2\/users\/6"}],"replies":[{"embeddable":true,"href":"https:\/\/www.grundschule-geisa.de\/index.php?rest_route=%2Fwp%2Fv2%2Fcomments&post=330"}],"version-history":[{"count":3,"href":"https:\/\/www.grundschule-geisa.de\/index.php?rest_route=\/wp\/v2\/pages\/330\/revisions"}],"predecessor-version":[{"id":598,"href":"https:\/\/www.grundschule-geisa.de\/index.php?rest_route=\/wp\/v2\/pages\/330\/revisions\/598"}],"wp:attachment":[{"href":"https:\/\/www.grundschule-geisa.de\/index.php?rest_route=%2Fwp%2Fv2%2Fmedia&parent=330"}],"curies":[{"name":"wp","href":"https:\/\/api.w.org\/{rel}","templated":true}]}}