{"id":327,"date":"2019-02-07T16:35:18","date_gmt":"2019-02-07T16:35:18","guid":{"rendered":"http:\/\/grundschule-geisa.de\/?page_id=327"},"modified":"2019-02-19T17:04:27","modified_gmt":"2019-02-19T17:04:27","slug":"schulbuecher","status":"publish","type":"page","link":"https:\/\/www.grundschule-geisa.de\/?page_id=327","title":{"rendered":"Schulb\u00fccher"},"content":{"rendered":"\n<p>Freiexemplare bitte sorgf\u00e4ltig\nbehandeln, m\u00f6glichst einschlagen, aber bitte <strong>nicht am Buchdeckel<\/strong> <strong>festkleben<\/strong>.\nVerlorengegangene, beschmutzte bzw. besch\u00e4digte B\u00fccher m\u00fcssen durch ein\ngleichwertiges Exemplar ersetzt werden.<\/p>\n\n\n\n<p>Die Fibel und das\nMathematikbuch der Klasse 1 werden den Sch\u00fclern \u00fcbereignet.<\/p>\n","protected":false},"excerpt":{"rendered":"<p>Freiexemplare bitte sorgf\u00e4ltig behandeln, m\u00f6glichst einschlagen, aber bitte nicht am Buchdeckel festkleben. Verlorengegangene, beschmutzte bzw. besch\u00e4digte B\u00fccher m\u00fcssen durch ein gleichwertiges Exemplar ersetzt werden. Die Fibel und das Mathematikbuch der Klasse 1 werden den Sch\u00fclern \u00fcbereignet.<\/p>\n","protected":false},"author":6,"featured_media":0,"parent":0,"menu_order":0,"comment_status":"closed","ping_status":"closed","template":"","meta":{"footnotes":""},"_links":{"self":[{"href":"https:\/\/www.grundschule-geisa.de\/index.php?rest_route=\/wp\/v2\/pages\/327"}],"collection":[{"href":"https:\/\/www.grundschule-geisa.de\/index.php?rest_route=\/wp\/v2\/pages"}],"about":[{"href":"https:\/\/www.grundschule-geisa.de\/index.php?rest_route=\/wp\/v2\/types\/page"}],"author":[{"embeddable":true,"href":"https:\/\/www.grundschule-geisa.de\/index.php?rest_route=\/wp\/v2\/users\/6"}],"replies":[{"embeddable":true,"href":"https:\/\/www.grundschule-geisa.de\/index.php?rest_route=%2Fwp%2Fv2%2Fcomments&post=327"}],"version-history":[{"count":3,"href":"https:\/\/www.grundschule-geisa.de\/index.php?rest_route=\/wp\/v2\/pages\/327\/revisions"}],"predecessor-version":[{"id":405,"href":"https:\/\/www.grundschule-geisa.de\/index.php?rest_route=\/wp\/v2\/pages\/327\/revisions\/405"}],"wp:attachment":[{"href":"https:\/\/www.grundschule-geisa.de\/index.php?rest_route=%2Fwp%2Fv2%2Fmedia&parent=327"}],"curies":[{"name":"wp","href":"https:\/\/api.w.org\/{rel}","templated":true}]}}