{"id":177,"date":"2017-11-12T22:02:45","date_gmt":"2017-11-12T22:02:45","guid":{"rendered":"http:\/\/grundschule-geisa.de\/?page_id=177"},"modified":"2020-11-01T11:13:58","modified_gmt":"2020-11-01T11:13:58","slug":"impressum","status":"publish","type":"page","link":"https:\/\/www.grundschule-geisa.de\/?page_id=177","title":{"rendered":"Impressum"},"content":{"rendered":"<p><strong><span style=\"color: #000000;\">Verantwortung f\u00fcr den Inhalt dieser Seiten<\/span><\/strong><br \/>\n<span style=\"color: #000000;\">Staatliche Grundschule Geisa<\/span><br \/>\n<span style=\"color: #000000;\">Schulstra\u00dfe 6<\/span><br \/>\n<span style=\"color: #000000;\">36419 Geisa\u00a0<\/span><\/p>\n<p><span style=\"color: #000000;\">Telefon: 036967 75293\u202c<\/span><br \/>\n<span style=\"color: #000000;\">Email:\u00a0gs.geisa@schulen-wak.de<\/span><\/p>\n<p><strong><span style=\"color: #000000;\">Technische Betreuung dieser Seiten <\/span><\/strong><br \/>\n<span style=\"color: #000000;\">S. Falkenhahn, C. Fleck<br \/>\n<\/span><\/p>\n<p><span style=\"color: #000000;\">Die Inhalte sind mit der Grundschule Geisa abgestimmt und geben deren Meinung wieder.<\/span><\/p>\n<p><strong><span style=\"color: #000000;\">Gew\u00e4hrleistungsausschluss<\/span><\/strong><br \/>\n<span style=\"color: #000000;\">Die Inhalte dieser Seiten werden sorgf\u00e4ltig gepr\u00fcft. Trotzdem kann keine Haftung f\u00fcr die Richtigkeit, Vollst\u00e4ndigkeit oder Aktualit\u00e4t der publizierten Informationen \u00fcbernommen werden.<\/span><\/p>\n<p><strong><span style=\"color: #000000;\">Bedeutung von Links und Inhalten<\/span><\/strong><br \/>\n<span style=\"color: #000000;\">Die Autoren erkl\u00e4ren hiermit ausdr\u00fccklich, dass zum Zeitpunkt von Linksetzungen den Autoren keine illegalen Inhalte auf den zu verlinkenden Seiten erkennbar waren.<\/span><\/p>\n<p><span style=\"color: #000000;\">Auf die aktuelle und zuk\u00fcnftige Gestaltung, die Inhalte oder die Urheberschaft der verlinkten \/ verkn\u00fcpften Seiten haben die Autoren keinerlei Einfluss und k\u00f6nnen diese unm\u00f6glich \u00fcberwachen.<\/span><\/p>\n<p><span style=\"color: #000000;\">Deshalb distanziert er sich hiermit ausdr\u00fccklich von s\u00e4mtlichen Inhalten aller verlinkten \/ verkn\u00fcpften Seiten.<\/span><\/p>\n<p><span style=\"color: #000000;\">Diese Feststellung gilt f\u00fcr alle innerhalb des eigenen Internetangebotes gesetzten Links und Verweise sowie f\u00fcr Fremdeintr\u00e4ge in vom Autor eingerichteten G\u00e4steb\u00fcchern, Diskussionsforen und Kommentaren.<\/span><\/p>\n<p><span style=\"color: #000000;\">F\u00fcr illegale, fehlerhafte oder unvollst\u00e4ndige Inhalte und insbesondere f\u00fcr Sch\u00e4den, die aus der Nutzung oder Nichtnutzung solcherart dargebotener Informationen entstehen, haftet allein der Anbieter der Seite, auf welche verwiesen wurde, nicht derjenige, der \u00fcber Links auf die jeweilige Ver\u00f6ffentlichung lediglich verweist.<\/span><\/p>\n<p><strong><span style=\"color: #000000;\">Rechtliche Hinweise<\/span><\/strong><br \/>\n<span style=\"color: #000000;\">Alle Teile dieser Webpr\u00e4senz, insbesondere Logo, Fotos und Texte sind urheberrechtlich gesch\u00fctzt. Jegliche Verwertung von Inhalten dieser Seite, auch nur auszugsweise, bed\u00fcrfen der schriftlichen Zustimmung des Dienstanbieters.<\/span><\/p>\n","protected":false},"excerpt":{"rendered":"<p>Verantwortung f\u00fcr den Inhalt dieser Seiten Staatliche Grundschule Geisa Schulstra\u00dfe 6 36419 Geisa\u00a0 Telefon: 036967 75293\u202c Email:\u00a0gs.geisa@schulen-wak.de Technische Betreuung dieser Seiten S. Falkenhahn, C. Fleck Die Inhalte sind mit der Grundschule Geisa abgestimmt und geben deren Meinung wieder. Gew\u00e4hrleistungsausschluss Die Inhalte dieser Seiten werden sorgf\u00e4ltig gepr\u00fcft. Trotzdem kann keine Haftung f\u00fcr die Richtigkeit, Vollst\u00e4ndigkeit oder [&hellip;]<\/p>\n","protected":false},"author":7,"featured_media":0,"parent":0,"menu_order":0,"comment_status":"closed","ping_status":"closed","template":"","meta":{"footnotes":""},"_links":{"self":[{"href":"https:\/\/www.grundschule-geisa.de\/index.php?rest_route=\/wp\/v2\/pages\/177"}],"collection":[{"href":"https:\/\/www.grundschule-geisa.de\/index.php?rest_route=\/wp\/v2\/pages"}],"about":[{"href":"https:\/\/www.grundschule-geisa.de\/index.php?rest_route=\/wp\/v2\/types\/page"}],"author":[{"embeddable":true,"href":"https:\/\/www.grundschule-geisa.de\/index.php?rest_route=\/wp\/v2\/users\/7"}],"replies":[{"embeddable":true,"href":"https:\/\/www.grundschule-geisa.de\/index.php?rest_route=%2Fwp%2Fv2%2Fcomments&post=177"}],"version-history":[{"count":7,"href":"https:\/\/www.grundschule-geisa.de\/index.php?rest_route=\/wp\/v2\/pages\/177\/revisions"}],"predecessor-version":[{"id":897,"href":"https:\/\/www.grundschule-geisa.de\/index.php?rest_route=\/wp\/v2\/pages\/177\/revisions\/897"}],"wp:attachment":[{"href":"https:\/\/www.grundschule-geisa.de\/index.php?rest_route=%2Fwp%2Fv2%2Fmedia&parent=177"}],"curies":[{"name":"wp","href":"https:\/\/api.w.org\/{rel}","templated":true}]}}