{"id":123,"date":"2017-11-07T20:05:50","date_gmt":"2017-11-07T20:05:50","guid":{"rendered":"http:\/\/grundschule-geisa.de\/?page_id=123"},"modified":"2020-07-13T15:16:12","modified_gmt":"2020-07-13T15:16:12","slug":"mitglied-werden","status":"publish","type":"page","link":"https:\/\/www.grundschule-geisa.de\/?page_id=123","title":{"rendered":"Mitglied werden"},"content":{"rendered":"\n<p>Zweck des Vereins ist die F\u00f6rderung der Bildung und Erziehung an der<\/p>\n\n\n\n<p>Rh\u00f6n- Ulstertal- Schule , Staatliche Grundschule Geisa.<\/p>\n\n\n\n<p>Unser Verein hat aktuell mehr als 20 Mitglieder. Dazu geh\u00f6ren neben vielen Eltern, die Stadt Geisa sowie Firmen aus unserer Umgebung.<\/p>\n\n\n\n<p>Ihr k\u00f6nnt uns unterst\u00fctzen, indem ihr Mitglied in unserem F\u00f6rderverein werdet.<\/p>\n\n\n\n<p>Die Informationen zum Verein findet Ihr in unserer Satzung. Den Mitgliedsantrag k\u00f6nnt ihr entsprechend \u00fcber den Link downloaden.<\/p>\n\n\n\n<p>Den Antrag bitte entsprechend ausdrucken, ausf\u00fcllen und an die Grundschule Geisa, Schulstra\u00dfe 6, 36419 Geisa senden, oder direkt im Briefkasten der Grundschule einwerfen.<\/p>\n\n\n\n<p><a href=\"https:\/\/www.grundschule-geisa.de\/wp-content\/uploads\/2020\/07\/Mitgliedsantrag-SFV_aktuell_Juli_2020.pdf\">https:\/\/www.grundschule-geisa.de\/wp-content\/uploads\/2020\/07\/Mitgliedsantrag-SFV_aktuell_Juli_2020.pdf<\/a><\/p>\n","protected":false},"excerpt":{"rendered":"<p>Zweck des Vereins ist die F\u00f6rderung der Bildung und Erziehung an der Rh\u00f6n- Ulstertal- Schule , Staatliche Grundschule Geisa. Unser Verein hat aktuell mehr als 20 Mitglieder. Dazu geh\u00f6ren neben vielen Eltern, die Stadt Geisa sowie Firmen aus unserer Umgebung. Ihr k\u00f6nnt uns unterst\u00fctzen, indem ihr Mitglied in unserem F\u00f6rderverein werdet. Die Informationen zum Verein [&hellip;]<\/p>\n","protected":false},"author":7,"featured_media":0,"parent":0,"menu_order":0,"comment_status":"closed","ping_status":"closed","template":"","meta":{"footnotes":""},"_links":{"self":[{"href":"https:\/\/www.grundschule-geisa.de\/index.php?rest_route=\/wp\/v2\/pages\/123"}],"collection":[{"href":"https:\/\/www.grundschule-geisa.de\/index.php?rest_route=\/wp\/v2\/pages"}],"about":[{"href":"https:\/\/www.grundschule-geisa.de\/index.php?rest_route=\/wp\/v2\/types\/page"}],"author":[{"embeddable":true,"href":"https:\/\/www.grundschule-geisa.de\/index.php?rest_route=\/wp\/v2\/users\/7"}],"replies":[{"embeddable":true,"href":"https:\/\/www.grundschule-geisa.de\/index.php?rest_route=%2Fwp%2Fv2%2Fcomments&post=123"}],"version-history":[{"count":4,"href":"https:\/\/www.grundschule-geisa.de\/index.php?rest_route=\/wp\/v2\/pages\/123\/revisions"}],"predecessor-version":[{"id":772,"href":"https:\/\/www.grundschule-geisa.de\/index.php?rest_route=\/wp\/v2\/pages\/123\/revisions\/772"}],"wp:attachment":[{"href":"https:\/\/www.grundschule-geisa.de\/index.php?rest_route=%2Fwp%2Fv2%2Fmedia&parent=123"}],"curies":[{"name":"wp","href":"https:\/\/api.w.org\/{rel}","templated":true}]}}